{"id":253,"date":"2023-04-09T18:32:00","date_gmt":"2023-04-09T18:32:00","guid":{"rendered":"https:\/\/siesta.eu.com\/?page_id=253"},"modified":"2023-09-25T18:23:23","modified_gmt":"2023-09-25T18:23:23","slug":"aboutus","status":"publish","type":"page","link":"https:\/\/siesta.eu.com\/en\/aboutus\/","title":{"rendered":"About us"},"content":{"rendered":"<div data-elementor-type=\"wp-page\" data-elementor-id=\"253\" class=\"elementor elementor-253\">\n\t\t\t\t<div class=\"elementor-element elementor-element-e80a41d e-flex e-con-boxed e-con e-parent\" data-id=\"e80a41d\" data-element_type=\"container\" data-e-type=\"container\">\n\t\t\t\t\t<div class=\"e-con-inner\">\n\t\t\t\t<div class=\"elementor-element elementor-element-2dc5684 elementor-widget elementor-widget-heading\" data-id=\"2dc5684\" data-element_type=\"widget\" data-e-type=\"widget\" data-widget_type=\"heading.default\">\n\t\t\t\t<div class=\"elementor-widget-container\">\n\t\t\t\t\t<h2 class=\"elementor-heading-title elementor-size-default\">About us<\/h2>\t\t\t\t<\/div>\n\t\t\t\t<\/div>\n\t\t\t\t\t<\/div>\n\t\t\t\t<\/div>\n\t\t<div class=\"elementor-element elementor-element-26ff03a e-flex e-con-boxed e-con e-parent\" data-id=\"26ff03a\" data-element_type=\"container\" data-e-type=\"container\">\n\t\t\t\t\t<div class=\"e-con-inner\">\n\t\t\t\t<div class=\"elementor-element elementor-element-4ead951 elementor-widget elementor-widget-text-editor\" data-id=\"4ead951\" data-element_type=\"widget\" data-e-type=\"widget\" data-widget_type=\"text-editor.default\">\n\t\t\t\t<div class=\"elementor-widget-container\">\n\t\t\t\t\t\t\t\t\t<div dir=\"auto\"><p class=\"translation-block\">We want you to feel at home in our environment. Quality service is our trademark and we are very proud of our staff who provide our guests with a high standard of service every day. Our property is a haven for world travelers who enjoy life off the beaten path, adventurers who embrace the beauty of nature, and life lovers who appreciate the finest attention to detail. Siesta is the perfect place for discreet charm and elegance.<\/p><\/div><p>Siesta - Silver Lake is located in the immediate vicinity of the lake itself and offers accommodation in a quiet location with secured parking for guests.\u00a0<\/p><p>The accommodation facility is 300 meters from the lake, or a 2-minute walk to the main beach. It is located in a quiet location opposite the sports hall and basketball camp \"TEO4\". In the vicinity of the facility there are outdoor swimming pools, Aquapark, tennis courts.<\/p><p>All rooms are air-conditioned (floor cooling and heating), equipped with elegant and comfortable designer furniture. They have a cafe kitchen, terrace, modern bathroom and TV with cable channels. Delicious local and international dishes are served in nearby restaurants on the promenade.<\/p><p style=\"color: #262626; font-family: BlinkMacSystemFont, -apple-system, 'Segoe UI', Roboto, Helvetica, Arial, sans-serif; font-size: 14px; font-style: normal; font-weight: 400;\">\u00a0<\/p>\t\t\t\t\t\t\t\t<\/div>\n\t\t\t\t<\/div>\n\t\t\t\t\t<\/div>\n\t\t\t\t<\/div>\n\t\t<div class=\"elementor-element elementor-element-5d5d333 e-flex e-con-boxed e-con e-parent\" data-id=\"5d5d333\" data-element_type=\"container\" data-e-type=\"container\">\n\t\t\t\t\t<div class=\"e-con-inner\">\n\t\t\t\t<div class=\"elementor-element elementor-element-b88c134 elementor-arrows-position-inside elementor-pagination-position-outside elementor-widget elementor-widget-image-carousel\" data-id=\"b88c134\" data-element_type=\"widget\" data-e-type=\"widget\" data-settings=\"{&quot;navigation&quot;:&quot;both&quot;,&quot;autoplay&quot;:&quot;yes&quot;,&quot;pause_on_hover&quot;:&quot;yes&quot;,&quot;pause_on_interaction&quot;:&quot;yes&quot;,&quot;autoplay_speed&quot;:5000,&quot;infinite&quot;:&quot;yes&quot;,&quot;speed&quot;:500}\" data-widget_type=\"image-carousel.default\">\n\t\t\t\t<div class=\"elementor-widget-container\">\n\t\t\t\t\t\t\t<div class=\"elementor-image-carousel-wrapper swiper\" role=\"region\" aria-roledescription=\"carousel\" aria-label=\"\u0412\u0440\u0442\u0435\u0448\u043a\u0430 \u0441\u043b\u0438\u043a\u0430\" dir=\"ltr\">\n\t\t\t<div class=\"elementor-image-carousel swiper-wrapper\" aria-live=\"off\">\n\t\t\t\t\t\t\t\t<div class=\"swiper-slide\" role=\"group\" aria-roledescription=\"slide\" aria-label=\"1 of 6\"><figure class=\"swiper-slide-inner\"><img decoding=\"async\" class=\"swiper-slide-image\" src=\"https:\/\/siesta.eu.com\/wp-content\/uploads\/elementor\/thumbs\/image00002-quqdb9qbh685z3xcqk07v2jyxkl66r37eaftgrc1gw.webp\" alt=\"image00002\" \/><\/figure><\/div><div class=\"swiper-slide\" role=\"group\" aria-roledescription=\"slide\" aria-label=\"2 of 6\"><figure class=\"swiper-slide-inner\"><img decoding=\"async\" class=\"swiper-slide-image\" src=\"https:\/\/siesta.eu.com\/wp-content\/uploads\/elementor\/thumbs\/image00013-quqdatr28zmahqkkbv3k6ol4u0rxjwbro3ckb1zqeo.webp\" alt=\"image00013\" \/><\/figure><\/div><div class=\"swiper-slide\" role=\"group\" aria-roledescription=\"slide\" aria-label=\"3 of 6\"><figure class=\"swiper-slide-inner\"><img decoding=\"async\" class=\"swiper-slide-image\" src=\"https:\/\/siesta.eu.com\/wp-content\/uploads\/elementor\/thumbs\/image00011-quqdb35g5bz5pu6wsz5tvm7qrvhlovd31dvf3tlsog.webp\" alt=\"image00011\" \/><\/figure><\/div><div class=\"swiper-slide\" role=\"group\" aria-roledescription=\"slide\" aria-label=\"4 of 6\"><figure class=\"swiper-slide-inner\"><img decoding=\"async\" class=\"swiper-slide-image\" src=\"https:\/\/siesta.eu.com\/wp-content\/uploads\/elementor\/thumbs\/image00016-quqd9q9u9y48y45wqe189yjrvu6iklz1iny65fm9o0.webp\" alt=\"image00016\" \/><\/figure><\/div><div class=\"swiper-slide\" role=\"group\" aria-roledescription=\"slide\" aria-label=\"5 of 6\"><figure class=\"swiper-slide-inner\"><img decoding=\"async\" class=\"swiper-slide-image\" src=\"https:\/\/siesta.eu.com\/wp-content\/uploads\/elementor\/thumbs\/image00018-quqd9lknbrxtc2cqhu03fhqgwwtoi4gdu0oqr1t8j4.webp\" alt=\"image00018\" \/><\/figure><\/div><div class=\"swiper-slide\" role=\"group\" aria-roledescription=\"slide\" aria-label=\"6 of 6\"><figure class=\"swiper-slide-inner\"><img decoding=\"async\" class=\"swiper-slide-image\" src=\"https:\/\/siesta.eu.com\/wp-content\/uploads\/elementor\/thumbs\/image00012-quqdayg975sq3sdqkf4p15efsy4rmdufcqlzpfsrjk.webp\" alt=\"image00012\" \/><\/figure><\/div>\t\t\t<\/div>\n\t\t\t\t\t\t\t\t\t\t\t\t<div class=\"elementor-swiper-button elementor-swiper-button-prev\" role=\"button\" tabindex=\"0\">\n\t\t\t\t\t\t<i aria-hidden=\"true\" class=\"eicon-chevron-left\"><\/i>\t\t\t\t\t<\/div>\n\t\t\t\t\t<div class=\"elementor-swiper-button elementor-swiper-button-next\" role=\"button\" tabindex=\"0\">\n\t\t\t\t\t\t<i aria-hidden=\"true\" class=\"eicon-chevron-right\"><\/i>\t\t\t\t\t<\/div>\n\t\t\t\t\n\t\t\t\t\t\t\t\t\t<div class=\"swiper-pagination\"><\/div>\n\t\t\t\t\t\t\t\t\t<\/div>\n\t\t\t\t\t\t<\/div>\n\t\t\t\t<\/div>\n\t\t\t\t\t<\/div>\n\t\t\t\t<\/div>\n\t\t<div class=\"elementor-element elementor-element-c30a03c e-flex e-con-boxed e-con e-parent\" data-id=\"c30a03c\" data-element_type=\"container\" data-e-type=\"container\">\n\t\t\t\t\t<div class=\"e-con-inner\">\n\t\t<div class=\"elementor-element elementor-element-bc863b4 e-con-full e-flex e-con e-child\" data-id=\"bc863b4\" data-element_type=\"container\" data-e-type=\"container\">\n\t\t\t\t<div class=\"elementor-element elementor-element-946b5d7 elementor-widget elementor-widget-text-editor\" data-id=\"946b5d7\" data-element_type=\"widget\" data-e-type=\"widget\" data-widget_type=\"text-editor.default\">\n\t\t\t\t<div class=\"elementor-widget-container\">\n\t\t\t\t\t\t\t\t\t<p>Na\u0161 najbolji odmor do sada. Toliko je bilo dobro da nismo \u017eeleli da odemo. Prelepe i konforne sobe i ljubazno osoblje. Sve najbolje.<\/p>\n<p><b>Dragana Stoki\u0107, Srbija<\/b><\/p>\t\t\t\t\t\t\t\t<\/div>\n\t\t\t\t<\/div>\n\t\t\t\t<\/div>\n\t\t<div class=\"elementor-element elementor-element-b4397d9 e-con-full e-flex e-con e-child\" data-id=\"b4397d9\" data-element_type=\"container\" data-e-type=\"container\">\n\t\t\t\t<div class=\"elementor-element elementor-element-b66cc67 elementor-widget elementor-widget-text-editor\" data-id=\"b66cc67\" data-element_type=\"widget\" data-e-type=\"widget\" data-widget_type=\"text-editor.default\">\n\t\t\t\t<div class=\"elementor-widget-container\">\n\t\t\t\t\t\t\t\t\t<p>What can we say?! We were just blown away by the attention to detail and the flawless service.<\/p><p><b style=\"font-style: inherit; color: var( --e-global-color-text ); font-family: var( --e-global-typography-text-font-family ), Sans-serif; letter-spacing: var( --e-global-typography-text-letter-spacing ); text-transform: var( --e-global-typography-text-text-transform ); text-align: var(--text-align); background-color: var( --e-global-color-c696dce );\">Hanibal May, Sweden<\/b><\/p>\t\t\t\t\t\t\t\t<\/div>\n\t\t\t\t<\/div>\n\t\t\t\t<\/div>\n\t\t<div class=\"elementor-element elementor-element-2e48264 e-con-full e-flex e-con e-child\" data-id=\"2e48264\" data-element_type=\"container\" data-e-type=\"container\">\n\t\t\t\t<div class=\"elementor-element elementor-element-c0753dc elementor-widget elementor-widget-text-editor\" data-id=\"c0753dc\" data-element_type=\"widget\" data-e-type=\"widget\" data-widget_type=\"text-editor.default\">\n\t\t\t\t<div class=\"elementor-widget-container\">\n\t\t\t\t\t\t\t\t\t<div>Great service, nice and clean rooms, perfect location. Our whole family enjoyed\u00a0the holiday. We will definitely\u00a0become regular guests at the Siesta hotel and we are looking forward to our next visit. \ud83d\ude42<\/div><div>\u00a0<\/div><div><b>Daniela Hribar, Slovenia<\/b><\/div>\t\t\t\t\t\t\t\t<\/div>\n\t\t\t\t<\/div>\n\t\t\t\t<\/div>\n\t\t<div class=\"elementor-element elementor-element-b172765 e-con-full e-flex e-con e-child\" data-id=\"b172765\" data-element_type=\"container\" data-e-type=\"container\">\n\t\t\t\t<div class=\"elementor-element elementor-element-6c39c46 elementor-widget elementor-widget-text-editor\" data-id=\"6c39c46\" data-element_type=\"widget\" data-e-type=\"widget\" data-widget_type=\"text-editor.default\">\n\t\t\t\t<div class=\"elementor-widget-container\">\n\t\t\t\t\t\t\t\t\t<p>Objekat je nov, \u010dist, komforan. Du\u0161ek i jastuk odli\u010dni <img decoding=\"async\" class=\"emoji\" role=\"img\" draggable=\"false\" src=\"https:\/\/s.w.org\/images\/core\/emoji\/14.0.0\/svg\/1f44c.svg\" alt=\"\ud83d\udc4c\" \/> Sve iz opisa zati\u010dete u sobi, pe\u0161kire menjaju na dnevnom nivou. Terasa velika&#8230;komarnik na prozoru.<\/p><p><b>Milana, Srbija<\/b><\/p>\t\t\t\t\t\t\t\t<\/div>\n\t\t\t\t<\/div>\n\t\t\t\t<\/div>\n\t\t\t\t\t<\/div>\n\t\t\t\t<\/div>\n\t\t\t\t<\/div>","protected":false},"excerpt":{"rendered":"<p>O nama \u017delja nam je da se osecate\u00a0kao kod ku\u0107e\u00a0u na\u0161em\u00a0okru\u017eenju . Kvalitetna\u00a0usluga je na\u0161 za\u0161titni znak i veoma smo\u00a0ponosni na na\u0161e osoblje koje\u00a0svakodnevno pru\u017ea gostima visoko\u00a0standardizovanu uslugu. Na\u0161 objekat\u00a0je uto\u010di\u0161te za svetske putnike koji\u00a0u\u017eivaju u \u017eivotu van utabanih staza\u00a0avanturiste koji prihvataju lepotu\u00a0prirode i ljubitelje \u017eivota koji cene\u00a0najfiniju pa\u017enju posve\u0107enu detaljima.\u00a0Siesta je savr\u0161eno mesto za [&hellip;]<\/p>\n","protected":false},"author":1,"featured_media":0,"parent":0,"menu_order":0,"comment_status":"closed","ping_status":"closed","template":"","meta":{"site-sidebar-layout":"no-sidebar","site-content-layout":"page-builder","ast-site-content-layout":"default","site-content-style":"default","site-sidebar-style":"default","ast-global-header-display":"","ast-banner-title-visibility":"","ast-main-header-display":"","ast-hfb-above-header-display":"","ast-hfb-below-header-display":"","ast-hfb-mobile-header-display":"","site-post-title":"disabled","ast-breadcrumbs-content":"","ast-featured-img":"disabled","footer-sml-layout":"","ast-disable-related-posts":"","theme-transparent-header-meta":"","adv-header-id-meta":"","stick-header-meta":"","header-above-stick-meta":"","header-main-stick-meta":"","header-below-stick-meta":"","astra-migrate-meta-layouts":"default","ast-page-background-enabled":"default","ast-page-background-meta":{"desktop":{"background-color":"var(--ast-global-color-4)","background-image":"","background-repeat":"repeat","background-position":"center center","background-size":"auto","background-attachment":"scroll","background-type":"","background-media":"","overlay-type":"","overlay-color":"","overlay-opacity":"","overlay-gradient":""},"tablet":{"background-color":"","background-image":"","background-repeat":"repeat","background-position":"center center","background-size":"auto","background-attachment":"scroll","background-type":"","background-media":"","overlay-type":"","overlay-color":"","overlay-opacity":"","overlay-gradient":""},"mobile":{"background-color":"","background-image":"","background-repeat":"repeat","background-position":"center center","background-size":"auto","background-attachment":"scroll","background-type":"","background-media":"","overlay-type":"","overlay-color":"","overlay-opacity":"","overlay-gradient":""}},"ast-content-background-meta":{"desktop":{"background-color":"var(--ast-global-color-5)","background-image":"","background-repeat":"repeat","background-position":"center center","background-size":"auto","background-attachment":"scroll","background-type":"","background-media":"","overlay-type":"","overlay-color":"","overlay-opacity":"","overlay-gradient":""},"tablet":{"background-color":"var(--ast-global-color-5)","background-image":"","background-repeat":"repeat","background-position":"center center","background-size":"auto","background-attachment":"scroll","background-type":"","background-media":"","overlay-type":"","overlay-color":"","overlay-opacity":"","overlay-gradient":""},"mobile":{"background-color":"var(--ast-global-color-5)","background-image":"","background-repeat":"repeat","background-position":"center center","background-size":"auto","background-attachment":"scroll","background-type":"","background-media":"","overlay-type":"","overlay-color":"","overlay-opacity":"","overlay-gradient":""}},"footnotes":""},"class_list":["post-253","page","type-page","status-publish","hentry"],"_links":{"self":[{"href":"https:\/\/siesta.eu.com\/en\/wp-json\/wp\/v2\/pages\/253","targetHints":{"allow":["GET"]}}],"collection":[{"href":"https:\/\/siesta.eu.com\/en\/wp-json\/wp\/v2\/pages"}],"about":[{"href":"https:\/\/siesta.eu.com\/en\/wp-json\/wp\/v2\/types\/page"}],"author":[{"embeddable":true,"href":"https:\/\/siesta.eu.com\/en\/wp-json\/wp\/v2\/users\/1"}],"replies":[{"embeddable":true,"href":"https:\/\/siesta.eu.com\/en\/wp-json\/wp\/v2\/comments?post=253"}],"version-history":[{"count":31,"href":"https:\/\/siesta.eu.com\/en\/wp-json\/wp\/v2\/pages\/253\/revisions"}],"predecessor-version":[{"id":421,"href":"https:\/\/siesta.eu.com\/en\/wp-json\/wp\/v2\/pages\/253\/revisions\/421"}],"wp:attachment":[{"href":"https:\/\/siesta.eu.com\/en\/wp-json\/wp\/v2\/media?parent=253"}],"curies":[{"name":"wp","href":"https:\/\/api.w.org\/{rel}","templated":true}]}}